{"id":1889,"date":"2025-10-30T11:04:31","date_gmt":"2025-10-30T10:04:31","guid":{"rendered":"http:\/\/camper.test\/?page_id=1889"},"modified":"2025-11-07T09:39:53","modified_gmt":"2025-11-07T08:39:53","slug":"politica-de-privacidad","status":"publish","type":"page","link":"https:\/\/www.campercaldas.com\/gl\/politica-de-privacidad\/","title":{"rendered":"Politica de privacidad"},"content":{"rendered":"<div data-elementor-type=\"wp-page\" data-elementor-id=\"1889\" class=\"elementor elementor-1889\" data-elementor-post-type=\"page\">\n\t\t\t\t<div class=\"elementor-element elementor-element-5beead1 e-con-full e-flex e-con e-parent\" data-id=\"5beead1\" data-element_type=\"container\">\n\t\t\t\t<div class=\"elementor-element elementor-element-1bc437f exad-sticky-section-no exad-glass-effect-no elementor-widget elementor-widget-button\" data-id=\"1bc437f\" data-element_type=\"widget\" data-widget_type=\"button.default\">\n\t\t\t\t\t\t\t\t\t\t<a class=\"elementor-button elementor-button-link elementor-size-sm\" href=\"https:\/\/www.campercaldas.com\/gl\/\">\n\t\t\t\t\t\t<span class=\"elementor-button-content-wrapper\">\n\t\t\t\t\t\t\t\t\t<span class=\"elementor-button-text\">\u2b60 Volver \u00e1 p\u00e1xina<\/span>\n\t\t\t\t\t<\/span>\n\t\t\t\t\t<\/a>\n\t\t\t\t\t\t\t\t<\/div>\n\t\t\t\t<div class=\"elementor-element elementor-element-b6f436b exad-sticky-section-no exad-glass-effect-no elementor-widget elementor-widget-heading\" data-id=\"b6f436b\" data-element_type=\"widget\" data-widget_type=\"heading.default\">\n\t\t\t\t\t<h1 class=\"elementor-heading-title elementor-size-default\">Pol\u00edtica de privacidade<\/h1>\t\t\t\t<\/div>\n\t\t\t\t<div class=\"elementor-element elementor-element-c21bd95 exad-sticky-section-no exad-glass-effect-no elementor-widget elementor-widget-text-editor\" data-id=\"c21bd95\" data-element_type=\"widget\" data-widget_type=\"text-editor.default\">\n\t\t\t\t\t\t\t\t\t<div class=\"elementor-element elementor-element-e5a6f4c e-flex e-con-boxed e-con e-parent e-lazyloaded\" data-id=\"e5a6f4c\" data-element_type=\"container\"><div class=\"e-con-inner\"><div class=\"elementor-element elementor-element-1331221 exad-sticky-section-no exad-glass-effect-no elementor-widget elementor-widget-text-editor\" data-id=\"1331221\" data-element_type=\"widget\" data-widget_type=\"text-editor.default\"><div class=\"elementor-widget-container\"><h1><span style=\"color: #000000;\">1 RESPONSABLE<\/span><\/h1><h2 style=\"padding-left: 40px;\"><span style=\"color: #000000;\">1.1 Datos de contacto do responsable do tratamento<\/span><\/h2><p style=\"padding-left: 80px;\"><span style=\"color: #000000;\">A entidade responsable dos datos recollidos a trav\u00e9s deste sitio web \u00e9 Camper Caldas \u2013 San antoni\u00f1o n\u00famero 2\u2013 36191\u00a0 CIF. 76925880B<\/span><span style=\"color: #000000;\">. Podes contactar coa persoa responsable a trav\u00e9s do seguinte enderezo de correo electr\u00f3nico: info@campercaldas.com ou por tel\u00e9fono no n\u00famero 68108885<\/span><\/p><h2 style=\"padding-left: 40px;\"><span style=\"color: #000000;\">1.2 Identidade e datos de contacto do representante<\/span><br \/><span style=\"color: #000000;\">1.3 Datos de contacto do delegado de protecci\u00f3n de datos<\/span><\/h2><h1><span style=\"color: #000000;\">2 PROP\u00d3SITO<\/span><\/h1><h2 style=\"padding-left: 40px;\"><span style=\"color: #000000;\">2.1 Descrici\u00f3n detallada das finalidades do tratamento<\/span><\/h2><h4 style=\"padding-left: 80px;\"><span style=\"color: #000000;\">Os datos que vostede proporcione ser\u00e1n utilizados para os seguintes fins:<\/span><\/h4><p style=\"padding-left: 120px;\"><span style=\"color: #000000;\">Xesti\u00f3n de solicitudes feitas polos usuarios<\/span><br \/><span style=\"color: #000000;\">Inclusi\u00f3n na lista de contactos<\/span><br \/><span style=\"color: #000000;\">A prestaci\u00f3n de servizos<\/span><br \/><span style=\"color: #000000;\">Xesti\u00f3n de relaci\u00f3ns comerciais<\/span><br \/><span style=\"color: #000000;\">Outros fins<\/span><\/p><h2 style=\"padding-left: 40px;\"><span style=\"color: #000000;\">2.2 Per\u00edodos ou criterios de conservaci\u00f3n de datos<\/span><\/h2><p style=\"padding-left: 80px;\"><span style=\"color: #000000;\">Conservaremos os datos durante o tempo que sexa necesario para procesar a solicitude e cumprir coas obrigas legais esixidas.<\/span><\/p><p style=\"padding-left: 80px;\"><span style=\"color: #000000;\">Os datos que vostede proporcionou conservaranse durante o tempo que sexa necesario para os fins indicados no punto 1.1., ou tam\u00e9n se conservar\u00e1n durante o tempo que exixan as diferentes lexislaci\u00f3ns aplicables.<\/span><\/p><h2 style=\"padding-left: 40px;\"><span style=\"color: #000000;\">2.3 Decisi\u00f3ns automatizadas, perf\u00eds e l\u00f3xica aplicada<\/span><\/h2><p style=\"padding-left: 80px;\"><span style=\"color: #000000;\">Os datos recollidos a trav\u00e9s do sitio web non se utilizar\u00e1n para tomar decisi\u00f3ns automatizadas.<\/span><\/p><h1><span style=\"color: #000000;\">3 LEXITIMIDADE<\/span><\/h1><h2 style=\"padding-left: 40px;\"><span style=\"color: #000000;\">3.1 Lexislaci\u00f3n aplicable<\/span><\/h2><p style=\"padding-left: 80px;\"><span style=\"color: #000000;\">A lexislaci\u00f3n aplicable \u00e9 o Regulamento Xeral de Protecci\u00f3n de Datos 2016\/679, do 27 de abril de 2016, as\u00ed como a lexislaci\u00f3n vixente no noso pa\u00eds en materia de protecci\u00f3n de datos persoais.<\/span><\/p><h2 style=\"padding-left: 40px;\"><span style=\"color: #000000;\">3.2 Detalles da base xur\u00eddica para o tratamento, en casos de obriga legal, interese p\u00fablico ou interese lex\u00edtimo<\/span><\/h2><p style=\"padding-left: 80px;\"><span style=\"color: #000000;\">O uso dos datos que vostede proporciona \u00e9 lex\u00edtimo porque vostede nos d\u00e1 o seu consentimento ou autorizaci\u00f3n para usar os seus datos para os fins indicados no punto 1.1.<\/span><\/p><h2 style=\"padding-left: 40px;\"><span style=\"color: #000000;\">3.3 Obrigaci\u00f3n ou non de proporcionar datos e consecuencias de non facelo<\/span><\/h2><p style=\"padding-left: 80px;\"><span style=\"color: #000000;\">Non est\u00e1s obrigado a proporcionarnos os datos; non obstante, ser\u00e1n necesarios para xestionar calquera suxesti\u00f3n ou solicitude que poidas facernos chegar a trav\u00e9s do sitio web.<\/span><\/p><h1><span style=\"color: #000000;\">4 DESTINATARIOS<\/span><\/h1><h2 style=\"padding-left: 40px;\"><span style=\"color: #000000;\">4.1 Destinatarios ou categor\u00edas de destinatarios<\/span><\/h2><p style=\"padding-left: 80px;\"><span style=\"color: #000000;\">Non hai destinatarios.<\/span><\/p><h2 style=\"padding-left: 40px;\"><span style=\"color: #000000;\">4.2 Decisi\u00f3ns de idoneidade, garant\u00edas, normas corporativas vinculantes ou situaci\u00f3ns espec\u00edficas aplicables<\/span><\/h2><p style=\"padding-left: 80px;\"><span style=\"color: #000000;\">Non existen.<\/span><\/p><h1><span style=\"color: #000000;\">5 DEREITOS<\/span><\/h1><h2 style=\"padding-left: 40px;\"><span style=\"color: #000000;\">5.1 Como exercer os seus dereitos de acceso, rectificaci\u00f3n, supresi\u00f3n e portabilidade dos seus datos, e a limitaci\u00f3n ou oposici\u00f3n ao seu tratamento<\/span><\/h2><p style=\"padding-left: 80px;\"><span style=\"color: #000000;\">O interesado pode co\u00f1ecer, modificar ou eliminar os datos que a empresa ten sobre el mediante correo electr\u00f3nico facilitando o seu DNI ou por correo postal 36191.<\/span><\/p><p style=\"padding-left: 80px;\"><span style=\"color: #000000;\">A persoa interesada poder\u00e1 transferir os seus datos a outra entidade ou limitar os datos existentes que a empresa pos\u00fae sobre ela mediante correo electr\u00f3nico facilitando o seu DNI ou por correo postal 36191.<\/span><\/p><h2 style=\"padding-left: 40px;\"><span style=\"color: #000000;\">5.2 Dereito a retirar o consentimento outorgado<\/span><\/h2><p style=\"padding-left: 80px;\"><span style=\"color: #000000;\">A persoa interesada pode retirar os datos que a empresa ten sobre ela por correo electr\u00f3nico facilitando o seu DNI ou por correo postal ao 36191.<\/span><\/p><h2 style=\"padding-left: 40px;\"><span style=\"color: #000000;\">5.3 Dereito a presentar unha queixa ante o <\/span><span style=\"color: #000000;\">Autoridade de Control<\/span><\/h2><p style=\"padding-left: 80px;\"><span style=\"color: #000000;\">A persoa interesada poder\u00e1 presentar unha reclamaci\u00f3n ante a Axencia Espa\u00f1ola de Protecci\u00f3n de Datos sobre calquera incidencia que poida xurdir.<\/span><\/p><h1><span style=\"color: #000000;\">6 ORIXE<\/span><\/h1><h2 style=\"padding-left: 40px;\"><span style=\"color: #000000;\">6.1 Informaci\u00f3n detallada sobre a orixe dos datos<\/span><\/h2><p style=\"padding-left: 80px;\"><span style=\"color: #000000;\">Proporcionado pola parte interesada<\/span><\/p><h2 style=\"padding-left: 40px;\"><span style=\"color: #000000;\">6.2 Categor\u00edas de datos que se procesan<\/span><\/h2><p style=\"padding-left: 80px;\"><span style=\"color: #000000;\">Nome e apelidos.<\/span><br \/><span style=\"color: #000000;\">enderezo electr\u00f3nico.<\/span><br \/><span style=\"color: #000000;\">Tel\u00e9fono.<\/span><br \/><span style=\"color: #000000;\">Caracter\u00edsticas persoais.<\/span><br \/><span style=\"color: #000000;\">Circunstancias sociais.<\/span><\/p><\/div><\/div><\/div><\/div>\t\t\t\t\t\t\t\t<\/div>\n\t\t\t\t<\/div>\n\t\t\t\t<\/div>","protected":false},"excerpt":{"rendered":"<p>\u2b60 Volver a la p\u00e1gina Pol\u00edtica de privacidad 1 RESPONSABLE 1.1 Datos de contacto del Responsable El responsable de los datos recabados mediante esta web es Camper Caldas &#8211; San antoni\u00f1o n\u00famero 2\u2013 36191\u00a0 CIF. 76925880B. Usted podr\u00e1 contactar con el responsable mediante el siguiente Email info@campercaldas.com o en el tel\u00e9fono 68108885 1.2 Identidad y [&hellip;]<\/p>","protected":false},"author":1,"featured_media":0,"parent":0,"menu_order":0,"comment_status":"closed","ping_status":"closed","template":"elementor_canvas","meta":{"footnotes":""},"class_list":["post-1889","page","type-page","status-publish","hentry"],"yoast_head":"<!-- This site is optimized with the Yoast SEO plugin v26.6 - https:\/\/yoast.com\/wordpress\/plugins\/seo\/ -->\n<title>Politica de privacidad - Camper caldas<\/title>\n<meta name=\"robots\" content=\"index, follow, max-snippet:-1, max-image-preview:large, max-video-preview:-1\" \/>\n<link rel=\"canonical\" href=\"https:\/\/www.campercaldas.com\/gl\/politica-de-privacidad\/\" \/>\n<meta property=\"og:locale\" content=\"gl_ES\" \/>\n<meta property=\"og:type\" content=\"article\" \/>\n<meta property=\"og:title\" content=\"Politica de privacidad - Camper caldas\" \/>\n<meta property=\"og:description\" content=\"\u2b60 Volver a la p\u00e1gina Pol\u00edtica de privacidad 1 RESPONSABLE 1.1 Datos de contacto del Responsable El responsable de los datos recabados mediante esta web es Camper Caldas &#8211; San antoni\u00f1o n\u00famero 2\u2013 36191\u00a0 CIF. 76925880B. Usted podr\u00e1 contactar con el responsable mediante el siguiente Email info@campercaldas.com o en el tel\u00e9fono 68108885 1.2 Identidad y [&hellip;]\" \/>\n<meta property=\"og:url\" content=\"https:\/\/www.campercaldas.com\/gl\/politica-de-privacidad\/\" \/>\n<meta property=\"og:site_name\" content=\"Camper caldas\" \/>\n<meta property=\"article:modified_time\" content=\"2025-11-07T08:39:53+00:00\" \/>\n<meta name=\"twitter:card\" content=\"summary_large_image\" \/>\n<meta name=\"twitter:label1\" content=\"Tempo de lectura\" \/>\n\t<meta name=\"twitter:data1\" content=\"3 minutos\" \/>\n<script type=\"application\/ld+json\" class=\"yoast-schema-graph\">{\"@context\":\"https:\/\/schema.org\",\"@graph\":[{\"@type\":\"WebPage\",\"@id\":\"https:\/\/www.campercaldas.com\/politica-de-privacidad\/\",\"url\":\"https:\/\/www.campercaldas.com\/politica-de-privacidad\/\",\"name\":\"Politica de privacidad - Camper caldas\",\"isPartOf\":{\"@id\":\"https:\/\/campercaldas.com\/#website\"},\"datePublished\":\"2025-10-30T10:04:31+00:00\",\"dateModified\":\"2025-11-07T08:39:53+00:00\",\"breadcrumb\":{\"@id\":\"https:\/\/www.campercaldas.com\/politica-de-privacidad\/#breadcrumb\"},\"inLanguage\":\"gl-ES\",\"potentialAction\":[{\"@type\":\"ReadAction\",\"target\":[\"https:\/\/www.campercaldas.com\/politica-de-privacidad\/\"]}]},{\"@type\":\"BreadcrumbList\",\"@id\":\"https:\/\/www.campercaldas.com\/politica-de-privacidad\/#breadcrumb\",\"itemListElement\":[{\"@type\":\"ListItem\",\"position\":1,\"name\":\"Portada\",\"item\":\"https:\/\/campercaldas.com\/\"},{\"@type\":\"ListItem\",\"position\":2,\"name\":\"Politica de privacidad\"}]},{\"@type\":\"WebSite\",\"@id\":\"https:\/\/campercaldas.com\/#website\",\"url\":\"https:\/\/campercaldas.com\/\",\"name\":\"Camper caldas\",\"description\":\"\",\"publisher\":{\"@id\":\"https:\/\/campercaldas.com\/#\/schema\/person\/1326747769f597fd4dfd240ea58b0376\"},\"potentialAction\":[{\"@type\":\"SearchAction\",\"target\":{\"@type\":\"EntryPoint\",\"urlTemplate\":\"https:\/\/campercaldas.com\/?s={search_term_string}\"},\"query-input\":{\"@type\":\"PropertyValueSpecification\",\"valueRequired\":true,\"valueName\":\"search_term_string\"}}],\"inLanguage\":\"gl-ES\"},{\"@type\":[\"Person\",\"Organization\"],\"@id\":\"https:\/\/campercaldas.com\/#\/schema\/person\/1326747769f597fd4dfd240ea58b0376\",\"name\":\"admin\",\"image\":{\"@type\":\"ImageObject\",\"inLanguage\":\"gl-ES\",\"@id\":\"https:\/\/campercaldas.com\/#\/schema\/person\/image\/\",\"url\":\"https:\/\/secure.gravatar.com\/avatar\/97f37702e630d15c78d429c391edc01e5f0868461ff9d0c1d83a9d8b566b5784?s=96&d=mm&r=g\",\"contentUrl\":\"https:\/\/secure.gravatar.com\/avatar\/97f37702e630d15c78d429c391edc01e5f0868461ff9d0c1d83a9d8b566b5784?s=96&d=mm&r=g\",\"caption\":\"admin\"},\"logo\":{\"@id\":\"https:\/\/campercaldas.com\/#\/schema\/person\/image\/\"},\"sameAs\":[\"http:\/\/campercaldas.com\"]}]}<\/script>\n<!-- \/ Yoast SEO plugin. -->","yoast_head_json":{"title":"Politica de privacidad - Camper caldas","robots":{"index":"index","follow":"follow","max-snippet":"max-snippet:-1","max-image-preview":"max-image-preview:large","max-video-preview":"max-video-preview:-1"},"canonical":"https:\/\/www.campercaldas.com\/gl\/politica-de-privacidad\/","og_locale":"gl_ES","og_type":"article","og_title":"Politica de privacidad - Camper caldas","og_description":"\u2b60 Volver a la p\u00e1gina Pol\u00edtica de privacidad 1 RESPONSABLE 1.1 Datos de contacto del Responsable El responsable de los datos recabados mediante esta web es Camper Caldas &#8211; San antoni\u00f1o n\u00famero 2\u2013 36191\u00a0 CIF. 76925880B. Usted podr\u00e1 contactar con el responsable mediante el siguiente Email info@campercaldas.com o en el tel\u00e9fono 68108885 1.2 Identidad y [&hellip;]","og_url":"https:\/\/www.campercaldas.com\/gl\/politica-de-privacidad\/","og_site_name":"Camper caldas","article_modified_time":"2025-11-07T08:39:53+00:00","twitter_card":"summary_large_image","twitter_misc":{"Tempo de lectura":"3 minutos"},"schema":{"@context":"https:\/\/schema.org","@graph":[{"@type":"WebPage","@id":"https:\/\/www.campercaldas.com\/politica-de-privacidad\/","url":"https:\/\/www.campercaldas.com\/politica-de-privacidad\/","name":"Politica de privacidad - Camper caldas","isPartOf":{"@id":"https:\/\/campercaldas.com\/#website"},"datePublished":"2025-10-30T10:04:31+00:00","dateModified":"2025-11-07T08:39:53+00:00","breadcrumb":{"@id":"https:\/\/www.campercaldas.com\/politica-de-privacidad\/#breadcrumb"},"inLanguage":"gl-ES","potentialAction":[{"@type":"ReadAction","target":["https:\/\/www.campercaldas.com\/politica-de-privacidad\/"]}]},{"@type":"BreadcrumbList","@id":"https:\/\/www.campercaldas.com\/politica-de-privacidad\/#breadcrumb","itemListElement":[{"@type":"ListItem","position":1,"name":"Portada","item":"https:\/\/campercaldas.com\/"},{"@type":"ListItem","position":2,"name":"Politica de privacidad"}]},{"@type":"WebSite","@id":"https:\/\/campercaldas.com\/#website","url":"https:\/\/campercaldas.com\/","name":"Camper caldas","description":"","publisher":{"@id":"https:\/\/campercaldas.com\/#\/schema\/person\/1326747769f597fd4dfd240ea58b0376"},"potentialAction":[{"@type":"SearchAction","target":{"@type":"EntryPoint","urlTemplate":"https:\/\/campercaldas.com\/?s={search_term_string}"},"query-input":{"@type":"PropertyValueSpecification","valueRequired":true,"valueName":"search_term_string"}}],"inLanguage":"gl-ES"},{"@type":["Person","Organization"],"@id":"https:\/\/campercaldas.com\/#\/schema\/person\/1326747769f597fd4dfd240ea58b0376","name":"admin","image":{"@type":"ImageObject","inLanguage":"gl-ES","@id":"https:\/\/campercaldas.com\/#\/schema\/person\/image\/","url":"https:\/\/secure.gravatar.com\/avatar\/97f37702e630d15c78d429c391edc01e5f0868461ff9d0c1d83a9d8b566b5784?s=96&d=mm&r=g","contentUrl":"https:\/\/secure.gravatar.com\/avatar\/97f37702e630d15c78d429c391edc01e5f0868461ff9d0c1d83a9d8b566b5784?s=96&d=mm&r=g","caption":"admin"},"logo":{"@id":"https:\/\/campercaldas.com\/#\/schema\/person\/image\/"},"sameAs":["http:\/\/campercaldas.com"]}]}},"_links":{"self":[{"href":"https:\/\/www.campercaldas.com\/gl\/wp-json\/wp\/v2\/pages\/1889","targetHints":{"allow":["GET"]}}],"collection":[{"href":"https:\/\/www.campercaldas.com\/gl\/wp-json\/wp\/v2\/pages"}],"about":[{"href":"https:\/\/www.campercaldas.com\/gl\/wp-json\/wp\/v2\/types\/page"}],"author":[{"embeddable":true,"href":"https:\/\/www.campercaldas.com\/gl\/wp-json\/wp\/v2\/users\/1"}],"replies":[{"embeddable":true,"href":"https:\/\/www.campercaldas.com\/gl\/wp-json\/wp\/v2\/comments?post=1889"}],"version-history":[{"count":22,"href":"https:\/\/www.campercaldas.com\/gl\/wp-json\/wp\/v2\/pages\/1889\/revisions"}],"predecessor-version":[{"id":2349,"href":"https:\/\/www.campercaldas.com\/gl\/wp-json\/wp\/v2\/pages\/1889\/revisions\/2349"}],"wp:attachment":[{"href":"https:\/\/www.campercaldas.com\/gl\/wp-json\/wp\/v2\/media?parent=1889"}],"curies":[{"name":"wp","href":"https:\/\/api.w.org\/{rel}","templated":true}]}}